{"id":191,"date":"2026-05-02T14:57:47","date_gmt":"2026-05-02T11:57:47","guid":{"rendered":"https:\/\/ivetamulvinaite-xnksz.wpcomstaging.com\/vaiku-vasaros-stovyklos\/"},"modified":"2026-05-02T14:57:47","modified_gmt":"2026-05-02T11:57:47","slug":"vaiku-vasaros-stovyklos","status":"publish","type":"page","link":"https:\/\/imove.lt\/?page_id=191","title":{"rendered":"Vaik\u0173 vasaros stovyklos"},"content":{"rendered":"\n<div class=\"wp-block-cover alignfull wp-duotone-unset-1\" style=\"margin-top:0;margin-bottom:0;padding-top:var(--wp--preset--spacing--60);padding-right:var(--wp--preset--spacing--40);padding-bottom:var(--wp--preset--spacing--60);padding-left:var(--wp--preset--spacing--40);min-height:100vh;aspect-ratio:unset;\"><img decoding=\"async\" class=\"wp-block-cover__image-background wp-image-1706 size-large\" alt=\"\" src=\"https:\/\/imove.lt\/wp-content\/uploads\/2026\/05\/15f653a0-5025-4560-a478-df8120a3e3f4-2-1024x768.jpeg\" data-object-fit=\"cover\"\/><span aria-hidden=\"true\" class=\"wp-block-cover__background has-background-dim-60 has-background-dim\" style=\"background-color:#927275\"><\/span><div class=\"wp-block-cover__inner-container is-layout-flow wp-container-core-cover-is-layout-4856d390 wp-block-cover-is-layout-flow\">\n<div class=\"wp-block-group has-global-padding is-layout-constrained wp-block-group-is-layout-constrained\">\n<h1 class=\"wp-block-heading has-text-align-center has-text-color\" style=\"color:#ffffff\">Vasaros stovykla \u201eGamtos apsuptyje\u201c<\/h1>\n\n\n\n<p class=\"has-text-align-center has-text-color has-medium-font-size\" style=\"color:#ffffff\">Aktyvi, linksma ir nepamir\u0161tama vaik\u0173 vasaros stovykla gamtos apsuptyje Zaras\u0173 rajone \u2013 kupina nuotyki\u0173, draugys\u010di\u0173 ir pramog\u0173 gryname ore.<\/p>\n<\/div>\n<\/div><\/div>\n\n\n\n<div class=\"wp-block-group alignwide has-global-padding is-layout-constrained wp-container-core-group-is-layout-7e4bc034 wp-block-group-is-layout-constrained\" style=\"padding-top:var(--wp--preset--spacing--40);padding-bottom:var(--wp--preset--spacing--40)\">\n<div class=\"wp-block-group has-global-padding is-layout-constrained wp-container-core-group-is-layout-c19476fc wp-block-group-is-layout-constrained\">\n<h2 class=\"wp-block-heading alignfull\">Apie stovykl\u0105<\/h2>\n\n\n\n<p class=\"alignfull\">Aktyvi, linksma ir nepamir\u0161tama vasaros stovykla vaikams gamtos apsuptyje Zaras\u0173 rajone! \u010cia vaik\u0173 laukia kupinos nuotyki\u0173 dienos, naujos draugyst\u0117s, aktyvus laisvalaikis ir daugyb\u0117 smagi\u0173 veikl\u0173 gryname ore.<\/p>\n\n\n\n<p class=\"alignfull\">Stovyklos metu vaikai ne tik aktyviai leis laik\u0105, bet ir stiprins pasitik\u0117jim\u0105 savimi, bendravimo \u012fg\u016bd\u017eius bei komandinio darbo geb\u0117jimus.<\/p>\n<\/div>\n\n\n\n<div class=\"wp-block-group has-global-padding is-layout-constrained wp-container-core-group-is-layout-c19476fc wp-block-group-is-layout-constrained\">\n<h2 class=\"wp-block-heading alignfull\">K\u0105 veiksime stovykloje?<\/h2>\n\n\n\n<p class=\"alignfull\">Stovyklos metu vaik\u0173 dienos bus kupinos aktyvi\u0173, k\u016brybi\u0161k\u0173 ir \u012ftraukian\u010di\u0173 veikl\u0173 gryname ore. Programoje derinamas fizinis aktyvumas ir bendryst\u0117 su bendraam\u017eiais.<\/p>\n<\/div>\n\n\n\n<ul style=\"margin-top:var(--wp--preset--spacing--10);margin-bottom:var(--wp--preset--spacing--10);padding-top:var(--wp--preset--spacing--10);padding-right:var(--wp--preset--spacing--40);padding-bottom:var(--wp--preset--spacing--10);padding-left:var(--wp--preset--spacing--40)\" class=\"wp-block-list\">\n<li>Plaukiojimas irklent\u0117mis<\/li>\n\n\n\n<li>Sportin\u0117s veiklos ir mank\u0161tos<\/li>\n\n\n\n<li>\u017daidimai ir estafet\u0117s<\/li>\n\n\n\n<li>K\u016brybin\u0117s veiklos<\/li>\n\n\n\n<li>Oro joga \/ akrobatika<\/li>\n\n\n\n<li>\u017dvejyba<\/li>\n\n\n\n<li>Dieniniai ir naktiniai \u017eygiai<\/li>\n\n\n\n<li>Komandiniai u\u017esi\u0117mimai<\/li>\n<\/ul>\n\n\n\n<div class=\"wp-block-group has-global-padding is-layout-constrained wp-container-core-group-is-layout-92b9201d wp-block-group-is-layout-constrained\">\n<h2 class=\"wp-block-heading alignfull\">Kod\u0117l verta rinktis m\u016bs\u0173 stovykl\u0105?<\/h2>\n<\/div>\n\n\n\n<ul style=\"padding-top:0;padding-right:var(--wp--preset--spacing--40);padding-bottom:0;padding-left:var(--wp--preset--spacing--40)\" class=\"wp-block-list\">\n<li>Aktyvus laisvalaikis gamtoje<\/li>\n\n\n\n<li>Draugi\u0161ka ir jauki atmosfera<\/li>\n\n\n\n<li>Ma\u017eiau ekran\u0173 \u2013 daugiau tikr\u0173 nuotyki\u0173<\/li>\n\n\n\n<li>Fizinis aktyvumas<\/li>\n\n\n\n<li>Naujos pa\u017eintys ir draugyst\u0117s<\/li>\n\n\n\n<li>Smagios bei \u012ftraukian\u010dios veiklos kiekvien\u0105 dien\u0105<\/li>\n<\/ul>\n\n\n\n<div class=\"wp-block-group has-global-padding is-layout-constrained wp-container-core-group-is-layout-92b9201d wp-block-group-is-layout-constrained\">\n<h2 class=\"wp-block-heading alignfull\">Stovyklos vieta<\/h2>\n\n\n\n<p class=\"alignfull\">\ud83d\udccd <strong>Zaras\u0173 rajonas<\/strong><br>Nuostabi gamtos apsupta vieta prie vandens, puikiai tinkanti aktyviam ir saugiam vaik\u0173 poilsiui.<\/p>\n<\/div>\n\n\n\n<div class=\"wp-block-group alignfull has-global-padding is-layout-constrained wp-container-core-group-is-layout-d5f60038 wp-block-group-is-layout-constrained\" style=\"margin-bottom:var(--wp--preset--spacing--30);padding-top:var(--wp--preset--spacing--20);padding-right:var(--wp--preset--spacing--20);padding-bottom:var(--wp--preset--spacing--30);padding-left:var(--wp--preset--spacing--20)\">\n<h2 class=\"wp-block-heading has-text-align-center alignwide\" style=\"margin-bottom:var(--wp--preset--spacing--20)\">Stovykl\u0173 datos ir kainos<\/h2>\n\n\n\n<div class=\"wp-block-columns alignwide is-layout-flex wp-container-core-columns-is-layout-066d089a wp-block-columns-is-layout-flex\" style=\"padding-top:var(--wp--preset--spacing--10);padding-right:var(--wp--preset--spacing--10);padding-bottom:var(--wp--preset--spacing--10);padding-left:var(--wp--preset--spacing--10)\">\n<div class=\"wp-block-column is-layout-flow wp-block-column-is-layout-flow\" style=\"flex-basis:33.33%\">\n<div class=\"wp-block-group has-background is-layout-flow wp-container-core-group-is-layout-99ed083e wp-block-group-is-layout-flow\" style=\"border-radius:12px;background-color:#ffffff;padding-top:var(--wp--preset--spacing--20);padding-right:var(--wp--preset--spacing--20);padding-bottom:var(--wp--preset--spacing--20);padding-left:var(--wp--preset--spacing--20);box-shadow:var(--wp--preset--shadow--natural)\">\n<h3 class=\"wp-block-heading\" style=\"line-height:1.2\">Pirmoji pamaina<\/h3>\n\n\n\n<p style=\"line-height:1.4\">Data: 06.15 \t\u2013 06.19<\/p>\n\n\n\n<p style=\"line-height:1.4\">5 dienos \/ 4 nakvyn\u0117s<\/p>\n\n\n\n<p style=\"line-height:1.4\">7\u201313 m. vaikams<\/p>\n\n\n\n<p style=\"font-weight:700;line-height:1.4\">Kaina \u2013 250 \u20ac<\/p>\n<\/div>\n<\/div>\n\n\n\n<div class=\"wp-block-column is-layout-flow wp-block-column-is-layout-flow\" style=\"flex-basis:33.33%\">\n<div class=\"wp-block-group has-background is-layout-flow wp-container-core-group-is-layout-99ed083e wp-block-group-is-layout-flow\" style=\"border-radius:12px;background-color:#ffffff;padding-top:var(--wp--preset--spacing--20);padding-right:var(--wp--preset--spacing--20);padding-bottom:var(--wp--preset--spacing--20);padding-left:var(--wp--preset--spacing--20);box-shadow:var(--wp--preset--shadow--natural)\">\n<h3 class=\"wp-block-heading\" style=\"line-height:1.2\">Antroji pamaina<\/h3>\n\n\n\n<p style=\"line-height:1.4\">Data: 06.29 \u2013 07.02<\/p>\n\n\n\n<p style=\"line-height:1.4\">4 dienos \/ 3 nakvyn\u0117s<\/p>\n\n\n\n<p style=\"line-height:1.4\">7\u201314 m. vaikams<\/p>\n\n\n\n<p style=\"font-weight:700;line-height:1.4\">Kaina \u2013 230 \u20ac<\/p>\n<\/div>\n<\/div>\n\n\n\n<div class=\"wp-block-column is-layout-flow wp-block-column-is-layout-flow\" style=\"flex-basis:33.33%\">\n<div class=\"wp-block-group has-background is-layout-flow wp-container-core-group-is-layout-99ed083e wp-block-group-is-layout-flow\" style=\"border-radius:12px;background-color:#ffffff;padding-top:var(--wp--preset--spacing--20);padding-right:var(--wp--preset--spacing--20);padding-bottom:var(--wp--preset--spacing--20);padding-left:var(--wp--preset--spacing--20);box-shadow:var(--wp--preset--shadow--natural)\">\n<h3 class=\"wp-block-heading\" style=\"line-height:1.2\">Tre\u010dioji pamaina<\/h3>\n\n\n\n<p style=\"line-height:1.4\">Data: 07.13 \u2013 07.17<\/p>\n\n\n\n<p style=\"line-height:1.4\">Dienos stovykla<\/p>\n\n\n\n<div style=\"height:26px\" aria-hidden=\"true\" class=\"wp-block-spacer\"><\/div>\n\n\n\n<p style=\"font-weight:700;line-height:1.4\">Kaina \u2013 180 \u20ac<\/p>\n<\/div>\n<\/div>\n<\/div>\n\n\n\n<p class=\"has-text-color has-link-color wp-elements-5f53ea29d8f01f113fb5ca19104d588c\" style=\"color:#ff0000\"><strong>Viet\u0173 skai\u010dius ribotas, tod\u0117l kvie\u010diame registruotis i\u0161 anksto.<\/strong><\/p>\n\n\n\n<div class=\"wp-block-buttons is-content-justification-center is-layout-flex wp-container-core-buttons-is-layout-f300476b wp-block-buttons-is-layout-flex\">\n<div class=\"wp-block-button\"><a class=\"wp-block-button__link has-base-color has-contrast-background-color has-text-color has-background wp-element-button\" href=\"https:\/\/imove.lt\/shop\/\">Registruotis<\/a><\/div>\n<\/div>\n\n\n\n<div class=\"wp-block-group alignwide has-global-padding is-layout-constrained wp-container-core-group-is-layout-46f9d6f1 wp-block-group-is-layout-constrained\" style=\"margin-top:var(--wp--preset--spacing--30);margin-bottom:var(--wp--preset--spacing--40)\">\n<h2 class=\"wp-block-heading\">Galerija<\/h2>\n\n\n\n<p>[smartslider3 slider=&#8221;2&#8243;]<\/p>\n<\/div>\n<\/div>\n<\/div>\n","protected":false},"excerpt":{"rendered":"<p>Apie stovykl\u0105 Aktyvi, linksma ir nepamir\u0161tama vasaros stovykla vaikams gamtos apsuptyje Zaras\u0173 rajone! \u010cia vaik\u0173 laukia kupinos nuotyki\u0173 dienos, naujos draugyst\u0117s, aktyvus laisvalaikis ir daugyb\u0117 smagi\u0173 veikl\u0173 gryname ore. Stovyklos metu vaikai ne tik aktyviai leis laik\u0105, bet ir stiprins pasitik\u0117jim\u0105 savimi, bendravimo \u012fg\u016bd\u017eius bei komandinio darbo geb\u0117jimus. K\u0105 veiksime stovykloje? Stovyklos metu vaik\u0173 dienos [&hellip;]<\/p>\n","protected":false},"author":2,"featured_media":0,"parent":0,"menu_order":0,"comment_status":"closed","ping_status":"closed","template":"","meta":{"footnotes":""},"class_list":["post-191","page","type-page","status-publish","hentry"],"_links":{"self":[{"href":"https:\/\/imove.lt\/index.php?rest_route=\/wp\/v2\/pages\/191","targetHints":{"allow":["GET"]}}],"collection":[{"href":"https:\/\/imove.lt\/index.php?rest_route=\/wp\/v2\/pages"}],"about":[{"href":"https:\/\/imove.lt\/index.php?rest_route=\/wp\/v2\/types\/page"}],"author":[{"embeddable":true,"href":"https:\/\/imove.lt\/index.php?rest_route=\/wp\/v2\/users\/2"}],"replies":[{"embeddable":true,"href":"https:\/\/imove.lt\/index.php?rest_route=%2Fwp%2Fv2%2Fcomments&post=191"}],"version-history":[{"count":0,"href":"https:\/\/imove.lt\/index.php?rest_route=\/wp\/v2\/pages\/191\/revisions"}],"wp:attachment":[{"href":"https:\/\/imove.lt\/index.php?rest_route=%2Fwp%2Fv2%2Fmedia&parent=191"}],"curies":[{"name":"wp","href":"https:\/\/api.w.org\/{rel}","templated":true}]}}